{"id":2,"date":"2024-11-04T09:55:23","date_gmt":"2024-11-04T08:55:23","guid":{"rendered":"http:\/\/pntech.com.pl\/?page_id=2"},"modified":"2025-10-01T11:28:50","modified_gmt":"2025-10-01T09:28:50","slug":"pntech-s-c","status":"publish","type":"page","link":"https:\/\/pntech.com.pl\/","title":{"rendered":"Strona g\u0142\u00f3wna"},"content":{"rendered":"\n<p>PNTech sp\u00f3\u0142ka cywilna Piotr Nowak, Adrian Byrdziak<\/p>\n\n\n<div class=\"wp-block-image\">\n<figure class=\"aligncenter size-large is-resized\"><img fetchpriority=\"high\" decoding=\"async\" width=\"1024\" height=\"450\" src=\"https:\/\/pntech.com.pl\/wp-content\/uploads\/2025\/03\/tlo_strony-1024x450.png\" alt=\"\" class=\"wp-image-86\" style=\"width:541px;height:auto\" srcset=\"https:\/\/pntech.com.pl\/wp-content\/uploads\/2025\/03\/tlo_strony-1024x450.png 1024w, https:\/\/pntech.com.pl\/wp-content\/uploads\/2025\/03\/tlo_strony-300x132.png 300w, https:\/\/pntech.com.pl\/wp-content\/uploads\/2025\/03\/tlo_strony-768x337.png 768w, https:\/\/pntech.com.pl\/wp-content\/uploads\/2025\/03\/tlo_strony-1536x674.png 1536w, https:\/\/pntech.com.pl\/wp-content\/uploads\/2025\/03\/tlo_strony.png 1640w\" sizes=\"(max-width: 1024px) 100vw, 1024px\" \/><\/figure>\n<\/div>\n\n\n<p class=\"has-text-align-center\"><strong>ZAPRASZAMY DO KONTAKTU:<\/strong><\/p>\n\n\n\n<div class=\"wp-block-group is-layout-grid wp-container-core-group-is-layout-9649a0d9 wp-block-group-is-layout-grid\">\n<p class=\"has-text-align-center wp-container-content-72558541\"><mark style=\"background-color:rgba(0, 0, 0, 0)\" class=\"has-inline-color has-vivid-cyan-blue-color\"><strong>telefon: +48 576237098<\/strong><\/mark><\/p>\n\n\n\n<p class=\"has-text-align-center wp-container-content-72558541\"><mark style=\"background-color:rgba(0, 0, 0, 0)\" class=\"has-inline-color has-vivid-cyan-blue-color\"><strong>email:  biuro@pntech.com.pl<\/strong><\/mark><\/p>\n\n\n\n<p class=\"has-text-align-center wp-container-content-72558541\">NIP: 937-276-80-96 REGON: 540689118<\/p>\n\n\n\n<p class=\"has-text-align-center wp-container-content-72558541\"> <img decoding=\"async\" width=\"40\" height=\"40\" class=\"wp-image-103\" style=\"width: 40px;\" src=\"https:\/\/pntech.com.pl\/wp-content\/uploads\/2025\/03\/Facebook_logo_square.png\" alt=\"\" srcset=\"https:\/\/pntech.com.pl\/wp-content\/uploads\/2025\/03\/Facebook_logo_square.png 800w, https:\/\/pntech.com.pl\/wp-content\/uploads\/2025\/03\/Facebook_logo_square-300x300.png 300w, https:\/\/pntech.com.pl\/wp-content\/uploads\/2025\/03\/Facebook_logo_square-150x150.png 150w, https:\/\/pntech.com.pl\/wp-content\/uploads\/2025\/03\/Facebook_logo_square-768x768.png 768w\" sizes=\"(max-width: 40px) 100vw, 40px\" \/><strong> <a href=\"http:\/\/facebook.com\/profile.php?id=61572706501229\">FACEBOOK<\/a><\/strong><\/p>\n\n\n\n<p><\/p>\n<\/div>\n\n\n\n<p><\/p>\n\n\n\n<p><strong>G\u0142\u00f3wny zakres dzia\u0142alno\u015bci firmy PNTech s. c. obejmuje nast\u0119puj\u0105ce us\u0142ugi specjalizowane kierowane do firm, przedsi\u0119biorstw i instytucji:<\/strong><\/p>\n\n\n\n<ul class=\"wp-block-list\">\n<li>Dostawa i monta\u017c cyfrowych abonenckich central telefonicznych Unify Mitel, rodziny HiPath oraz HiCom, Slican, Platan, serwer\u00f3w telekomunikacyjnych oraz system\u00f3w zunifikowanej komunikacji i kolaboracji UCC dopasowanych do wymaga\u0144 u\u017cytkownika.<\/li>\n<\/ul>\n\n\n\n<figure class=\"wp-block-image size-full is-resized\"><img decoding=\"async\" width=\"651\" height=\"243\" src=\"https:\/\/pntech.com.pl\/wp-content\/uploads\/2025\/10\/rsw_651cg_true.jpg\" alt=\"\" class=\"wp-image-107\" style=\"width:840px;height:auto\" srcset=\"https:\/\/pntech.com.pl\/wp-content\/uploads\/2025\/10\/rsw_651cg_true.jpg 651w, https:\/\/pntech.com.pl\/wp-content\/uploads\/2025\/10\/rsw_651cg_true-300x112.jpg 300w\" sizes=\"(max-width: 651px) 100vw, 651px\" \/><\/figure>\n\n\n\n<p><strong>Centrale Abonenckie Unify OpenScape Business w trzech rozmiarach. X3 i X5 wyst\u0119puj\u0105 tak\u017ce w wersji na\u015bciennej.<\/strong><\/p>\n\n\n\n<figure class=\"wp-block-image size-large\"><img loading=\"lazy\" decoding=\"async\" width=\"1024\" height=\"1024\" src=\"https:\/\/pntech.com.pl\/wp-content\/uploads\/2025\/10\/rsw_1080cg_true-1024x1024.jpg\" alt=\"\" class=\"wp-image-109\" srcset=\"https:\/\/pntech.com.pl\/wp-content\/uploads\/2025\/10\/rsw_1080cg_true-1024x1024.jpg 1024w, https:\/\/pntech.com.pl\/wp-content\/uploads\/2025\/10\/rsw_1080cg_true-300x300.jpg 300w, https:\/\/pntech.com.pl\/wp-content\/uploads\/2025\/10\/rsw_1080cg_true-150x150.jpg 150w, https:\/\/pntech.com.pl\/wp-content\/uploads\/2025\/10\/rsw_1080cg_true-768x768.jpg 768w, https:\/\/pntech.com.pl\/wp-content\/uploads\/2025\/10\/rsw_1080cg_true.jpg 1080w\" sizes=\"(max-width: 1024px) 100vw, 1024px\" \/><\/figure>\n\n\n\n<p><strong>Telefony systemowe Unify przeznaczone do wsp\u00f3\u0142pracy z centralami OpenScape Business, OS4000, wirtualnymi Voice.<\/strong><\/p>\n\n\n\n<ul class=\"wp-block-list\">\n<li>Budowa, zarz\u0105dzanie i utrzymanie sieci teleinformatycznych &#8211; okablowanie telefoniczne i sieci komputerowe LAN\/WAN wraz z urz\u0105dzeniami aktywnymi nale\u017c\u0105cymi do tych sieci.<\/li>\n\n\n\n<li>Naprawa zarz\u0105dzanie i utrzymanie&nbsp; central telefonicznych, serwer\u00f3w telekomunikacyjnych i system\u00f3w zunifikowanej komunikacji i kolaboracji wraz z aplikacjami wspieraj\u0105cymi proces telefonowania .<\/li>\n\n\n\n<li>Dob\u00f3r, dostawa, monta\u017c i uruchamianie urz\u0105dze\u0144 aktywnych sieci komputerowych LAN, WLAN, WAN.<\/li>\n\n\n\n<li>Dostawa sprz\u0119tu komputerowego, serwer\u00f3w &nbsp;i oprogramowania.<\/li>\n\n\n\n<li>Doradztwo z zakresu telekomunikacji i informatyki (pomoc techniczna).<\/li>\n<\/ul>\n\n\n\n<p><\/p>\n\n\n\n<p>Pozosta\u0142y zakres dzia\u0142alno\u015bci obejmuje r\u00f3wnie\u017c:<\/p>\n\n\n\n<ul class=\"wp-block-list\">\n<li>Wykonywanie instalacji elektrycznych.<\/li>\n\n\n\n<li>Wykonywanie instalacji niskopr\u0105dowych (kontrola dost\u0119pu KD, system telewizji dozorowej CCTV, systemy sygnalizacji w\u0142amania i napadu SSWIN oraz inne).&nbsp;&nbsp;&nbsp;&nbsp;<\/li>\n<\/ul>\n\n\n\n<p>Us\u0142ugi realizowane s\u0105 w siedzibie klienta na podstawie dora\u017anych zlece\u0144 i zam\u00f3wie\u0144 lub sta\u0142ej umowy utrzymaniowej.<\/p>\n\n\n\n<p><\/p>\n\n\n\n<p><\/p>\n\n\n\n<p><\/p>\n","protected":false},"excerpt":{"rendered":"<p>PNTech sp\u00f3\u0142ka cywilna Piotr Nowak, Adrian Byrdziak ZAPRASZAMY DO KONTAKTU: telefon: +48 576237098 email: biuro@pntech.com.pl NIP: 937-276-80-96 REGON: 540689118 FACEBOOK G\u0142\u00f3wny zakres dzia\u0142alno\u015bci firmy PNTech s. c. obejmuje nast\u0119puj\u0105ce us\u0142ugi specjalizowane kierowane do firm, przedsi\u0119biorstw i instytucji: Centrale Abonenckie Unify OpenScape Business w trzech rozmiarach. X3 i X5 wyst\u0119puj\u0105 tak\u017ce&#8230;<\/p>\n","protected":false},"author":1,"featured_media":0,"parent":0,"menu_order":0,"comment_status":"closed","ping_status":"open","template":"","meta":{"footnotes":""},"class_list":["post-2","page","type-page","status-publish","hentry"],"yoast_head":"<!-- This site is optimized with the Yoast SEO plugin v24.3 - https:\/\/yoast.com\/wordpress\/plugins\/seo\/ -->\n<title>Strona g\u0142\u00f3wna - PNTech s.c.<\/title>\n<meta name=\"robots\" content=\"index, follow, max-snippet:-1, max-image-preview:large, max-video-preview:-1\" \/>\n<link rel=\"canonical\" href=\"https:\/\/pntech.com.pl\/\" \/>\n<meta property=\"og:locale\" content=\"pl_PL\" \/>\n<meta property=\"og:type\" content=\"article\" \/>\n<meta property=\"og:title\" content=\"Strona g\u0142\u00f3wna - PNTech s.c.\" \/>\n<meta property=\"og:description\" content=\"PNTech sp\u00f3\u0142ka cywilna Piotr Nowak, Adrian Byrdziak ZAPRASZAMY DO KONTAKTU: telefon: +48 576237098 email: biuro@pntech.com.pl NIP: 937-276-80-96 REGON: 540689118 FACEBOOK G\u0142\u00f3wny zakres dzia\u0142alno\u015bci firmy PNTech s. c. obejmuje nast\u0119puj\u0105ce us\u0142ugi specjalizowane kierowane do firm, przedsi\u0119biorstw i instytucji: Centrale Abonenckie Unify OpenScape Business w trzech rozmiarach. X3 i X5 wyst\u0119puj\u0105 tak\u017ce...\" \/>\n<meta property=\"og:url\" content=\"https:\/\/pntech.com.pl\/\" \/>\n<meta property=\"og:site_name\" content=\"PNTech s.c.\" \/>\n<meta property=\"article:modified_time\" content=\"2025-10-01T09:28:50+00:00\" \/>\n<meta property=\"og:image\" content=\"https:\/\/pntech.com.pl\/wp-content\/uploads\/2025\/03\/tlo_strony.png\" \/>\n\t<meta property=\"og:image:width\" content=\"1640\" \/>\n\t<meta property=\"og:image:height\" content=\"720\" \/>\n\t<meta property=\"og:image:type\" content=\"image\/png\" \/>\n<meta name=\"twitter:card\" content=\"summary_large_image\" \/>\n<meta name=\"twitter:label1\" content=\"Szacowany czas czytania\" \/>\n\t<meta name=\"twitter:data1\" content=\"3 minuty\" \/>\n<script type=\"application\/ld+json\" class=\"yoast-schema-graph\">{\"@context\":\"https:\/\/schema.org\",\"@graph\":[{\"@type\":\"WebPage\",\"@id\":\"https:\/\/pntech.com.pl\/\",\"url\":\"https:\/\/pntech.com.pl\/\",\"name\":\"Strona g\u0142\u00f3wna - PNTech s.c.\",\"isPartOf\":{\"@id\":\"https:\/\/pntech.com.pl\/#website\"},\"primaryImageOfPage\":{\"@id\":\"https:\/\/pntech.com.pl\/#primaryimage\"},\"image\":{\"@id\":\"https:\/\/pntech.com.pl\/#primaryimage\"},\"thumbnailUrl\":\"https:\/\/pntech.com.pl\/wp-content\/uploads\/2025\/03\/tlo_strony-1024x450.png\",\"datePublished\":\"2024-11-04T08:55:23+00:00\",\"dateModified\":\"2025-10-01T09:28:50+00:00\",\"breadcrumb\":{\"@id\":\"https:\/\/pntech.com.pl\/#breadcrumb\"},\"inLanguage\":\"pl-PL\",\"potentialAction\":[{\"@type\":\"ReadAction\",\"target\":[\"https:\/\/pntech.com.pl\/\"]}]},{\"@type\":\"ImageObject\",\"inLanguage\":\"pl-PL\",\"@id\":\"https:\/\/pntech.com.pl\/#primaryimage\",\"url\":\"https:\/\/pntech.com.pl\/wp-content\/uploads\/2025\/03\/tlo_strony.png\",\"contentUrl\":\"https:\/\/pntech.com.pl\/wp-content\/uploads\/2025\/03\/tlo_strony.png\",\"width\":1640,\"height\":720},{\"@type\":\"BreadcrumbList\",\"@id\":\"https:\/\/pntech.com.pl\/#breadcrumb\",\"itemListElement\":[{\"@type\":\"ListItem\",\"position\":1,\"name\":\"Home\",\"item\":\"https:\/\/pntech.com.pl\/\"},{\"@type\":\"ListItem\",\"position\":2,\"name\":\"Strona g\u0142\u00f3wna\"}]},{\"@type\":\"WebSite\",\"@id\":\"https:\/\/pntech.com.pl\/#website\",\"url\":\"https:\/\/pntech.com.pl\/\",\"name\":\"PNTech s.c.\",\"description\":\"\",\"potentialAction\":[{\"@type\":\"SearchAction\",\"target\":{\"@type\":\"EntryPoint\",\"urlTemplate\":\"https:\/\/pntech.com.pl\/?s={search_term_string}\"},\"query-input\":{\"@type\":\"PropertyValueSpecification\",\"valueRequired\":true,\"valueName\":\"search_term_string\"}}],\"inLanguage\":\"pl-PL\"}]}<\/script>\n<!-- \/ Yoast SEO plugin. -->","yoast_head_json":{"title":"Strona g\u0142\u00f3wna - PNTech s.c.","robots":{"index":"index","follow":"follow","max-snippet":"max-snippet:-1","max-image-preview":"max-image-preview:large","max-video-preview":"max-video-preview:-1"},"canonical":"https:\/\/pntech.com.pl\/","og_locale":"pl_PL","og_type":"article","og_title":"Strona g\u0142\u00f3wna - PNTech s.c.","og_description":"PNTech sp\u00f3\u0142ka cywilna Piotr Nowak, Adrian Byrdziak ZAPRASZAMY DO KONTAKTU: telefon: +48 576237098 email: biuro@pntech.com.pl NIP: 937-276-80-96 REGON: 540689118 FACEBOOK G\u0142\u00f3wny zakres dzia\u0142alno\u015bci firmy PNTech s. c. obejmuje nast\u0119puj\u0105ce us\u0142ugi specjalizowane kierowane do firm, przedsi\u0119biorstw i instytucji: Centrale Abonenckie Unify OpenScape Business w trzech rozmiarach. X3 i X5 wyst\u0119puj\u0105 tak\u017ce...","og_url":"https:\/\/pntech.com.pl\/","og_site_name":"PNTech s.c.","article_modified_time":"2025-10-01T09:28:50+00:00","og_image":[{"width":1640,"height":720,"url":"https:\/\/pntech.com.pl\/wp-content\/uploads\/2025\/03\/tlo_strony.png","type":"image\/png"}],"twitter_card":"summary_large_image","twitter_misc":{"Szacowany czas czytania":"3 minuty"},"schema":{"@context":"https:\/\/schema.org","@graph":[{"@type":"WebPage","@id":"https:\/\/pntech.com.pl\/","url":"https:\/\/pntech.com.pl\/","name":"Strona g\u0142\u00f3wna - PNTech s.c.","isPartOf":{"@id":"https:\/\/pntech.com.pl\/#website"},"primaryImageOfPage":{"@id":"https:\/\/pntech.com.pl\/#primaryimage"},"image":{"@id":"https:\/\/pntech.com.pl\/#primaryimage"},"thumbnailUrl":"https:\/\/pntech.com.pl\/wp-content\/uploads\/2025\/03\/tlo_strony-1024x450.png","datePublished":"2024-11-04T08:55:23+00:00","dateModified":"2025-10-01T09:28:50+00:00","breadcrumb":{"@id":"https:\/\/pntech.com.pl\/#breadcrumb"},"inLanguage":"pl-PL","potentialAction":[{"@type":"ReadAction","target":["https:\/\/pntech.com.pl\/"]}]},{"@type":"ImageObject","inLanguage":"pl-PL","@id":"https:\/\/pntech.com.pl\/#primaryimage","url":"https:\/\/pntech.com.pl\/wp-content\/uploads\/2025\/03\/tlo_strony.png","contentUrl":"https:\/\/pntech.com.pl\/wp-content\/uploads\/2025\/03\/tlo_strony.png","width":1640,"height":720},{"@type":"BreadcrumbList","@id":"https:\/\/pntech.com.pl\/#breadcrumb","itemListElement":[{"@type":"ListItem","position":1,"name":"Home","item":"https:\/\/pntech.com.pl\/"},{"@type":"ListItem","position":2,"name":"Strona g\u0142\u00f3wna"}]},{"@type":"WebSite","@id":"https:\/\/pntech.com.pl\/#website","url":"https:\/\/pntech.com.pl\/","name":"PNTech s.c.","description":"","potentialAction":[{"@type":"SearchAction","target":{"@type":"EntryPoint","urlTemplate":"https:\/\/pntech.com.pl\/?s={search_term_string}"},"query-input":{"@type":"PropertyValueSpecification","valueRequired":true,"valueName":"search_term_string"}}],"inLanguage":"pl-PL"}]}},"_links":{"self":[{"href":"https:\/\/pntech.com.pl\/index.php?rest_route=\/wp\/v2\/pages\/2","targetHints":{"allow":["GET"]}}],"collection":[{"href":"https:\/\/pntech.com.pl\/index.php?rest_route=\/wp\/v2\/pages"}],"about":[{"href":"https:\/\/pntech.com.pl\/index.php?rest_route=\/wp\/v2\/types\/page"}],"author":[{"embeddable":true,"href":"https:\/\/pntech.com.pl\/index.php?rest_route=\/wp\/v2\/users\/1"}],"replies":[{"embeddable":true,"href":"https:\/\/pntech.com.pl\/index.php?rest_route=%2Fwp%2Fv2%2Fcomments&post=2"}],"version-history":[{"count":25,"href":"https:\/\/pntech.com.pl\/index.php?rest_route=\/wp\/v2\/pages\/2\/revisions"}],"predecessor-version":[{"id":110,"href":"https:\/\/pntech.com.pl\/index.php?rest_route=\/wp\/v2\/pages\/2\/revisions\/110"}],"wp:attachment":[{"href":"https:\/\/pntech.com.pl\/index.php?rest_route=%2Fwp%2Fv2%2Fmedia&parent=2"}],"curies":[{"name":"wp","href":"https:\/\/api.w.org\/{rel}","templated":true}]}}