{"id":74,"date":"2025-01-31T13:21:01","date_gmt":"2025-01-31T12:21:01","guid":{"rendered":"https:\/\/pntech.com.pl\/?page_id=74"},"modified":"2025-10-01T11:43:04","modified_gmt":"2025-10-01T09:43:04","slug":"o-firmie","status":"publish","type":"page","link":"https:\/\/pntech.com.pl\/?page_id=74","title":{"rendered":"O firmie"},"content":{"rendered":"\n<p><strong>Firma za\u0142o\u017cona przez dw\u00f3ch wsp\u00f3lnik\u00f3w z wieloletnim do\u015bwiadczeniem w zakresie telekomunikacji i informatyki. Specjalizujemy si\u0119 w systemach zunifikowanej komunikacji firm Mitel Unify, Slican, Platan, Panasonic. Oferujemy pe\u0142ny zakres wdro\u017ce\u0144 u klienta obejmuj\u0105cy planowanie, zakup, monta\u017c oraz bie\u017c\u0105ce utrzymanie system\u00f3w telekomunikacyjnych oraz towarzysz\u0105cej im infrastrukturze kablowej. Dodatkowo zajmujemy si\u0119 tak\u017ce zakupem, dostaw\u0105 oraz serwisem urz\u0105dze\u0144 IT. Administrujemy tak\u017ce infrastruktur\u0105 sieciow\u0105, stacjami roboczymi oraz systemami monitoringu wizyjnego.<\/strong><\/p>\n","protected":false},"excerpt":{"rendered":"<p>Firma za\u0142o\u017cona przez dw\u00f3ch wsp\u00f3lnik\u00f3w z wieloletnim do\u015bwiadczeniem w zakresie telekomunikacji i informatyki. Specjalizujemy si\u0119 w systemach zunifikowanej komunikacji firm Mitel Unify, Slican, Platan, Panasonic. Oferujemy pe\u0142ny zakres wdro\u017ce\u0144 u klienta obejmuj\u0105cy planowanie, zakup, monta\u017c oraz bie\u017c\u0105ce utrzymanie system\u00f3w telekomunikacyjnych oraz towarzysz\u0105cej im infrastrukturze kablowej. Dodatkowo zajmujemy si\u0119 tak\u017ce zakupem,&#8230;<\/p>\n","protected":false},"author":1,"featured_media":0,"parent":0,"menu_order":0,"comment_status":"closed","ping_status":"closed","template":"","meta":{"footnotes":""},"class_list":["post-74","page","type-page","status-publish","hentry"],"yoast_head":"<!-- This site is optimized with the Yoast SEO plugin v24.3 - https:\/\/yoast.com\/wordpress\/plugins\/seo\/ -->\n<title>O firmie - PNTech s.c.<\/title>\n<meta name=\"robots\" content=\"index, follow, max-snippet:-1, max-image-preview:large, max-video-preview:-1\" \/>\n<link rel=\"canonical\" href=\"https:\/\/pntech.com.pl\/?page_id=74\" \/>\n<meta property=\"og:locale\" content=\"pl_PL\" \/>\n<meta property=\"og:type\" content=\"article\" \/>\n<meta property=\"og:title\" content=\"O firmie - PNTech s.c.\" \/>\n<meta property=\"og:description\" content=\"Firma za\u0142o\u017cona przez dw\u00f3ch wsp\u00f3lnik\u00f3w z wieloletnim do\u015bwiadczeniem w zakresie telekomunikacji i informatyki. Specjalizujemy si\u0119 w systemach zunifikowanej komunikacji firm Mitel Unify, Slican, Platan, Panasonic. Oferujemy pe\u0142ny zakres wdro\u017ce\u0144 u klienta obejmuj\u0105cy planowanie, zakup, monta\u017c oraz bie\u017c\u0105ce utrzymanie system\u00f3w telekomunikacyjnych oraz towarzysz\u0105cej im infrastrukturze kablowej. Dodatkowo zajmujemy si\u0119 tak\u017ce zakupem,...\" \/>\n<meta property=\"og:url\" content=\"https:\/\/pntech.com.pl\/?page_id=74\" \/>\n<meta property=\"og:site_name\" content=\"PNTech s.c.\" \/>\n<meta property=\"article:modified_time\" content=\"2025-10-01T09:43:04+00:00\" \/>\n<meta name=\"twitter:card\" content=\"summary_large_image\" \/>\n<meta name=\"twitter:label1\" content=\"Szacowany czas czytania\" \/>\n\t<meta name=\"twitter:data1\" content=\"1 minuta\" \/>\n<script type=\"application\/ld+json\" class=\"yoast-schema-graph\">{\"@context\":\"https:\/\/schema.org\",\"@graph\":[{\"@type\":\"WebPage\",\"@id\":\"https:\/\/pntech.com.pl\/?page_id=74\",\"url\":\"https:\/\/pntech.com.pl\/?page_id=74\",\"name\":\"O firmie - PNTech s.c.\",\"isPartOf\":{\"@id\":\"https:\/\/pntech.com.pl\/#website\"},\"datePublished\":\"2025-01-31T12:21:01+00:00\",\"dateModified\":\"2025-10-01T09:43:04+00:00\",\"breadcrumb\":{\"@id\":\"https:\/\/pntech.com.pl\/?page_id=74#breadcrumb\"},\"inLanguage\":\"pl-PL\",\"potentialAction\":[{\"@type\":\"ReadAction\",\"target\":[\"https:\/\/pntech.com.pl\/?page_id=74\"]}]},{\"@type\":\"BreadcrumbList\",\"@id\":\"https:\/\/pntech.com.pl\/?page_id=74#breadcrumb\",\"itemListElement\":[{\"@type\":\"ListItem\",\"position\":1,\"name\":\"Home\",\"item\":\"https:\/\/pntech.com.pl\/\"},{\"@type\":\"ListItem\",\"position\":2,\"name\":\"O firmie\"}]},{\"@type\":\"WebSite\",\"@id\":\"https:\/\/pntech.com.pl\/#website\",\"url\":\"https:\/\/pntech.com.pl\/\",\"name\":\"PNTech s.c.\",\"description\":\"\",\"potentialAction\":[{\"@type\":\"SearchAction\",\"target\":{\"@type\":\"EntryPoint\",\"urlTemplate\":\"https:\/\/pntech.com.pl\/?s={search_term_string}\"},\"query-input\":{\"@type\":\"PropertyValueSpecification\",\"valueRequired\":true,\"valueName\":\"search_term_string\"}}],\"inLanguage\":\"pl-PL\"}]}<\/script>\n<!-- \/ Yoast SEO plugin. -->","yoast_head_json":{"title":"O firmie - PNTech s.c.","robots":{"index":"index","follow":"follow","max-snippet":"max-snippet:-1","max-image-preview":"max-image-preview:large","max-video-preview":"max-video-preview:-1"},"canonical":"https:\/\/pntech.com.pl\/?page_id=74","og_locale":"pl_PL","og_type":"article","og_title":"O firmie - PNTech s.c.","og_description":"Firma za\u0142o\u017cona przez dw\u00f3ch wsp\u00f3lnik\u00f3w z wieloletnim do\u015bwiadczeniem w zakresie telekomunikacji i informatyki. Specjalizujemy si\u0119 w systemach zunifikowanej komunikacji firm Mitel Unify, Slican, Platan, Panasonic. Oferujemy pe\u0142ny zakres wdro\u017ce\u0144 u klienta obejmuj\u0105cy planowanie, zakup, monta\u017c oraz bie\u017c\u0105ce utrzymanie system\u00f3w telekomunikacyjnych oraz towarzysz\u0105cej im infrastrukturze kablowej. Dodatkowo zajmujemy si\u0119 tak\u017ce zakupem,...","og_url":"https:\/\/pntech.com.pl\/?page_id=74","og_site_name":"PNTech s.c.","article_modified_time":"2025-10-01T09:43:04+00:00","twitter_card":"summary_large_image","twitter_misc":{"Szacowany czas czytania":"1 minuta"},"schema":{"@context":"https:\/\/schema.org","@graph":[{"@type":"WebPage","@id":"https:\/\/pntech.com.pl\/?page_id=74","url":"https:\/\/pntech.com.pl\/?page_id=74","name":"O firmie - PNTech s.c.","isPartOf":{"@id":"https:\/\/pntech.com.pl\/#website"},"datePublished":"2025-01-31T12:21:01+00:00","dateModified":"2025-10-01T09:43:04+00:00","breadcrumb":{"@id":"https:\/\/pntech.com.pl\/?page_id=74#breadcrumb"},"inLanguage":"pl-PL","potentialAction":[{"@type":"ReadAction","target":["https:\/\/pntech.com.pl\/?page_id=74"]}]},{"@type":"BreadcrumbList","@id":"https:\/\/pntech.com.pl\/?page_id=74#breadcrumb","itemListElement":[{"@type":"ListItem","position":1,"name":"Home","item":"https:\/\/pntech.com.pl\/"},{"@type":"ListItem","position":2,"name":"O firmie"}]},{"@type":"WebSite","@id":"https:\/\/pntech.com.pl\/#website","url":"https:\/\/pntech.com.pl\/","name":"PNTech s.c.","description":"","potentialAction":[{"@type":"SearchAction","target":{"@type":"EntryPoint","urlTemplate":"https:\/\/pntech.com.pl\/?s={search_term_string}"},"query-input":{"@type":"PropertyValueSpecification","valueRequired":true,"valueName":"search_term_string"}}],"inLanguage":"pl-PL"}]}},"_links":{"self":[{"href":"https:\/\/pntech.com.pl\/index.php?rest_route=\/wp\/v2\/pages\/74","targetHints":{"allow":["GET"]}}],"collection":[{"href":"https:\/\/pntech.com.pl\/index.php?rest_route=\/wp\/v2\/pages"}],"about":[{"href":"https:\/\/pntech.com.pl\/index.php?rest_route=\/wp\/v2\/types\/page"}],"author":[{"embeddable":true,"href":"https:\/\/pntech.com.pl\/index.php?rest_route=\/wp\/v2\/users\/1"}],"replies":[{"embeddable":true,"href":"https:\/\/pntech.com.pl\/index.php?rest_route=%2Fwp%2Fv2%2Fcomments&post=74"}],"version-history":[{"count":4,"href":"https:\/\/pntech.com.pl\/index.php?rest_route=\/wp\/v2\/pages\/74\/revisions"}],"predecessor-version":[{"id":111,"href":"https:\/\/pntech.com.pl\/index.php?rest_route=\/wp\/v2\/pages\/74\/revisions\/111"}],"wp:attachment":[{"href":"https:\/\/pntech.com.pl\/index.php?rest_route=%2Fwp%2Fv2%2Fmedia&parent=74"}],"curies":[{"name":"wp","href":"https:\/\/api.w.org\/{rel}","templated":true}]}}